{"id":3,"date":"2023-12-27T13:19:05","date_gmt":"2023-12-27T13:19:05","guid":{"rendered":"http:\/\/olimia.io\/?page_id=3"},"modified":"2024-10-16T22:03:13","modified_gmt":"2024-10-16T21:03:13","slug":"privacy-policy","status":"publish","type":"page","link":"https:\/\/olimia.io\/it\/privacy-policy\/","title":{"rendered":"Informativa sulla privacy"},"content":{"rendered":"<p>Con il Regolamento (UE) 2016\/679 del Parlamento europeo e del Consiglio, del 27 aprile 2016, relativo alla protezione delle persone fisiche con riguardo al trattamento dei dati personali, nonch\u00e9 alla libera circolazione di tali dati, e che abroga la direttiva 95\/46\/CE (Regolamento generale sulla protezione dei dati), nonch\u00e9 in conformit\u00e0 con la Legge organica 3\/2018 sulla protezione dei dati personali e la garanzia dei diritti digitali, e con la Legge sui servizi di informazione e commercio elettronico della societ\u00e0, 34\/2002 (LSSI-CE), Olimia EOOD assicura la protezione e la riservatezza di tutti i dati personali forniti dai nostri clienti, aderendo al GDPR.<\/p>\n\n\n\n<p>La politica sulla privacy di Olimia EOOD si basa sul principio della responsabilit\u00e0 proattiva, in base al quale il titolare del trattamento \u00e8 responsabile della conformit\u00e0 legislativa e giurisprudenziale e pu\u00f2 dimostrarla di fronte alle Autorit\u00e0 di controllo.<\/p>\n\n\n\n<p>I dati forniti saranno trattati in conformit\u00e0 al GDPR. Olimia EOOD ha implementato i livelli di protezione richiesti dalla legge e ha installato tutte le misure tecniche necessarie per prevenire la perdita, l'abuso, l'alterazione e l'accesso non autorizzato da parte di terzi. Tuttavia, gli utenti devono essere consapevoli che le misure di sicurezza su Internet non sono impenetrabili.<\/p>\n\n\n\n<h2 class=\"wp-block-heading\"><strong>Chi siamo?<\/strong><\/h2>\n\n\n\n<p>Denominazione: Olimia EOOD<\/p>\n\n\n\n<p>Numero di registrazione: 207088535<\/p>\n\n\n\n<p>Attivit\u00e0: Studio di produzione audio e video, Agenzia di marketing<\/p>\n\n\n\n<p>Indirizzo dell'ufficio: Pozitano Sq 2, 7\u00b0 piano, 1000 Sofia Center, Sofia, Bulgaria<\/p>\n\n\n\n<p>Indirizzo registrato: str. Sreb\u016drna no. 16, ap. 23, 1407, Sofia, Bulgaria<\/p>\n\n\n\n<p>Telefono: +35924371650<\/p>\n\n\n\n<p>E-mail: <a href=\"mailto:support@olimia.io\">support@olimia.io<\/a><\/p>\n\n\n\n<h2 class=\"wp-block-heading\"><strong>Per quale motivo utilizzeremo i vostri dati?<\/strong><\/h2>\n\n\n\n<p>Tutti i dati forniti dai nostri clienti e visitatori del sito web saranno inseriti negli archivi responsabili di Olimia EOOD, indispensabili per offrire i servizi richiesti dagli utenti o per risolvere dubbi e domande poste dai nostri visitatori. La nostra politica \u00e8 quella di non creare profili sui nostri utenti.<\/p>\n\n\n\n<h2 class=\"wp-block-heading\"><strong>Perch\u00e9 abbiamo bisogno dei vostri dati?<\/strong><\/h2>\n\n\n\n<p>a) <strong>Rapporto contrattuale<\/strong>: Applicato all'acquisto di uno dei nostri prodotti o al noleggio di uno dei nostri servizi.<\/p>\n\n\n\n<p>b)<strong> Interesse legittimo<\/strong>: Assistere le richieste e i reclami e gestire i debiti.<\/p>\n\n\n\n<p>c)<strong> Il vostro consenso<\/strong>: Se siete utenti del nostro sito web, cliccando sulla casella di controllo del modulo di contatto, ci autorizzate a inviare comunicazioni per rispondere alle vostre domande.<\/p><a href=\"https:\/\/plinko777.co.uk\"> https:\/\/plinko777.co.uk<\/a>\n\n\n\n<h2 class=\"wp-block-heading\"><strong>Con chi condividiamo i vostri dati?<\/strong><\/h2>\n\n\n\n<p>Non condividiamo i vostri dati personali con nessuno, ad eccezione di enti pubblici o privati che sono tenuti a farlo in base alla legge. Ad esempio, la legge fiscale pu\u00f2 obbligarci a condividere alcune informazioni sulle operazioni economiche con le autorit\u00e0 fiscali.<\/p>\n\n\n\n<p>Al di l\u00e0 degli esempi illustrati, se dovessimo condividere i vostri dati personali con altre entit\u00e0, ve lo chiederemo preventivamente, utilizzando opzioni trasparenti che vi consentano di decidere.<\/p>\n\n\n\n<h2 class=\"wp-block-heading\"><strong>Dove potremmo inviare i vostri dati?<\/strong><\/h2>\n\n\n\n<p>Non trasferiremo i dati personali internazionali per nessuno dei motivi indicati.<\/p>\n\n\n\n<h2 class=\"wp-block-heading\"><strong>Per quanto tempo conserveremo le vostre informazioni?<\/strong><\/h2>\n\n\n\n<p>Conserveremo i vostri dati solo per la durata necessaria in base alle finalit\u00e0 per cui sono stati raccolti. La nostra valutazione tiene conto dei rischi associati, degli obblighi contrattuali, delle politiche interne e dei legittimi interessi aziendali delineati nella Politica sui cookie.<\/p>\n\n\n\n<h2 class=\"wp-block-heading\"><strong>Come proteggiamo i vostri dati?<\/strong><\/h2>\n\n\n\n<p>Dedichiamo notevoli sforzi per mantenere la riservatezza dei dati personali trattati all'interno dei nostri sistemi. I nostri rigorosi protocolli di sicurezza sono progettati per proteggere da fughe di dati, accessi non autorizzati o trattamenti non consentiti. \u00c8 importante notare che non possiamo assumerci la responsabilit\u00e0 di come gli utenti utilizzano il nostro sito web.<\/p>\n\n\n\n<h2 class=\"wp-block-heading\"><strong>I vostri diritti<\/strong><\/h2>\n\n\n\n<p>Desideriamo informarvi che avete i seguenti diritti:<\/p>\n\n\n\n<ul>\n<li>Diritto di accesso: \u00c8 possibile chiedere informazioni sui propri dati, ottenendo informazioni sui processi di trattamento in corso.<\/li>\n\n\n\n<li>Diritto di cancellazione (\"diritto all'oblio\"): \u00c8 possibile richiedere la rimozione dei propri dati personali, ove possibile e come previsto dalla legge.<\/li>\n\n\n\n<li>Diritto alla limitazione del trattamento: Potete limitare il trattamento dei vostri dati personali quando sorgono incertezze sull'accuratezza, la legalit\u00e0 o la necessit\u00e0. Possiamo conservarli per scopi di difesa legale.<\/li>\n\n\n\n<li>Diritto di opposizione: Potete opporvi al trattamento dei vostri dati personali se la base giuridica \u00e8 un interesse legittimo. Olimia EOOD cesser\u00e0 il trattamento dei vostri dati a meno che non sia indispensabile per la difesa legale.<\/li>\n\n\n\n<li>Diritto alla portabilit\u00e0 dei dati: Se la base giuridica del trattamento \u00e8 un rapporto contrattuale o il vostro consenso, potete ricevere i vostri dati in un formato portatile.<\/li>\n\n\n\n<li>Diritto di revocare il consenso: \u00c8 possibile revocare il consenso precedentemente concesso a Olimia EOOD.<\/li>\n<\/ul>\n\n\n\n<p>Per esercitare uno di questi diritti, \u00e8 possibile farlo gratuitamente in qualsiasi momento contattandoci al seguente indirizzo: Pozitano Sq 2, 7\u00b0 piano, 1000 Sofia Center, Sofia, Bulgaria, allegando una copia del documento d'identit\u00e0.<\/p>\n\n\n\n<h2 class=\"wp-block-heading\"><strong>Tutela dei diritti: Dove si pu\u00f2 presentare un reclamo?<\/strong><\/h2>\n\n\n\n<p>Se ritenete che la nostra azienda non abbia rispettato i vostri diritti, potete presentare un reclamo alla Commissione per la protezione dei dati personali. La presentazione di un reclamo a questo ente \u00e8 gratuita e non richiede la rappresentanza legale.<\/p>\n\n\n\n<h2 class=\"wp-block-heading\"><strong>Modifiche alla presente Informativa sulla privacy<\/strong><\/h2>\n\n\n\n<p>Olimia EOOD si riserva il diritto di aggiornare questa politica per allinearsi agli sviluppi legali.<\/p>\n\n\n\n<h2 class=\"wp-block-heading\"><strong>Contatto<\/strong><\/h2>\n\n\n\n<p>In caso di domande o dubbi sulla nostra Politica sui cookie, si prega di contattarci all'indirizzo:<\/p>\n\n\n\n<ul>\n<li>E-mail: <a href=\"mailto:support@olimia.io\">support@olimia.io<\/a><\/li>\n\n\n\n<li>Telefono: <a href=\"tel:+35924371650\">+35924371650<\/a>.&nbsp;<\/li>\n\n\n\n<li><a href=\"https:\/\/olimia.io\/it\/contact-us\/\">Pagina di contatto<\/a><\/li>\n<\/ul>\n\n\n<p><!--04e4c--><!--04e4c--><\/p>","protected":false},"excerpt":{"rendered":"<p>By Regulation (EU) 2016\/679 of the European Parliament and of the Council of 27 April 2016, on the protection of natural persons about the processing of personal data and the free movement of such data, and repealing Directive 95\/46\/EC (General Data Protection Regulation), as well as in compliance with the Organic Law 3\/2018 on Personal [&hellip;]<\/p>","protected":false},"author":1,"featured_media":0,"parent":0,"menu_order":0,"comment_status":"closed","ping_status":"open","template":"template-pages\/policy.php","meta":{"inline_featured_image":false,"footnotes":""},"acf":[],"yoast_head":"<!-- This site is optimized with the Yoast SEO plugin v21.7 - https:\/\/yoast.com\/wordpress\/plugins\/seo\/ -->\n<title>Privacy Policy - olimia.io<\/title>\n<meta name=\"robots\" content=\"index, follow, max-snippet:-1, max-image-preview:large, max-video-preview:-1\" \/>\n<link rel=\"canonical\" href=\"https:\/\/olimia.io\/it\/privacy-policy\/\" \/>\n<meta property=\"og:locale\" content=\"it_IT\" \/>\n<meta property=\"og:type\" content=\"article\" \/>\n<meta property=\"og:title\" content=\"Privacy Policy - olimia.io\" \/>\n<meta property=\"og:description\" content=\"By Regulation (EU) 2016\/679 of the European Parliament and of the Council of 27 April 2016, on the protection of natural persons about the processing of personal data and the free movement of such data, and repealing Directive 95\/46\/EC (General Data Protection Regulation), as well as in compliance with the Organic Law 3\/2018 on Personal [&hellip;]\" \/>\n<meta property=\"og:url\" content=\"https:\/\/olimia.io\/it\/privacy-policy\/\" \/>\n<meta property=\"og:site_name\" content=\"olimia.io\" \/>\n<meta property=\"article:modified_time\" content=\"2024-10-16T21:03:13+00:00\" \/>\n<meta name=\"twitter:card\" content=\"summary_large_image\" \/>\n<meta name=\"twitter:label1\" content=\"Tempo di lettura stimato\" \/>\n\t<meta name=\"twitter:data1\" content=\"4 minuti\" \/>\n<script type=\"application\/ld+json\" class=\"yoast-schema-graph\">{\"@context\":\"https:\/\/schema.org\",\"@graph\":[{\"@type\":\"WebPage\",\"@id\":\"https:\/\/olimia.io\/privacy-policy\/\",\"url\":\"https:\/\/olimia.io\/privacy-policy\/\",\"name\":\"Privacy Policy - olimia.io\",\"isPartOf\":{\"@id\":\"https:\/\/olimia.io\/#website\"},\"datePublished\":\"2023-12-27T13:19:05+00:00\",\"dateModified\":\"2024-10-16T21:03:13+00:00\",\"breadcrumb\":{\"@id\":\"https:\/\/olimia.io\/privacy-policy\/#breadcrumb\"},\"inLanguage\":\"it-IT\",\"potentialAction\":[{\"@type\":\"ReadAction\",\"target\":[\"https:\/\/olimia.io\/privacy-policy\/\"]}]},{\"@type\":\"BreadcrumbList\",\"@id\":\"https:\/\/olimia.io\/privacy-policy\/#breadcrumb\",\"itemListElement\":[{\"@type\":\"ListItem\",\"position\":1,\"name\":\"Home\",\"item\":\"https:\/\/olimia.io\/\"},{\"@type\":\"ListItem\",\"position\":2,\"name\":\"Privacy Policy\"}]},{\"@type\":\"WebSite\",\"@id\":\"https:\/\/olimia.io\/#website\",\"url\":\"https:\/\/olimia.io\/\",\"name\":\"olimia.io\",\"description\":\"\",\"potentialAction\":[{\"@type\":\"SearchAction\",\"target\":{\"@type\":\"EntryPoint\",\"urlTemplate\":\"https:\/\/olimia.io\/?s={search_term_string}\"},\"query-input\":\"required name=search_term_string\"}],\"inLanguage\":\"it-IT\"}]}<\/script>\n<!-- \/ Yoast SEO plugin. -->","yoast_head_json":{"title":"Privacy Policy - olimia.io","robots":{"index":"index","follow":"follow","max-snippet":"max-snippet:-1","max-image-preview":"max-image-preview:large","max-video-preview":"max-video-preview:-1"},"canonical":"https:\/\/olimia.io\/it\/privacy-policy\/","og_locale":"it_IT","og_type":"article","og_title":"Privacy Policy - olimia.io","og_description":"By Regulation (EU) 2016\/679 of the European Parliament and of the Council of 27 April 2016, on the protection of natural persons about the processing of personal data and the free movement of such data, and repealing Directive 95\/46\/EC (General Data Protection Regulation), as well as in compliance with the Organic Law 3\/2018 on Personal [&hellip;]","og_url":"https:\/\/olimia.io\/it\/privacy-policy\/","og_site_name":"olimia.io","article_modified_time":"2024-10-16T21:03:13+00:00","twitter_card":"summary_large_image","twitter_misc":{"Tempo di lettura stimato":"4 minuti"},"schema":{"@context":"https:\/\/schema.org","@graph":[{"@type":"WebPage","@id":"https:\/\/olimia.io\/privacy-policy\/","url":"https:\/\/olimia.io\/privacy-policy\/","name":"Privacy Policy - olimia.io","isPartOf":{"@id":"https:\/\/olimia.io\/#website"},"datePublished":"2023-12-27T13:19:05+00:00","dateModified":"2024-10-16T21:03:13+00:00","breadcrumb":{"@id":"https:\/\/olimia.io\/privacy-policy\/#breadcrumb"},"inLanguage":"it-IT","potentialAction":[{"@type":"ReadAction","target":["https:\/\/olimia.io\/privacy-policy\/"]}]},{"@type":"BreadcrumbList","@id":"https:\/\/olimia.io\/privacy-policy\/#breadcrumb","itemListElement":[{"@type":"ListItem","position":1,"name":"Home","item":"https:\/\/olimia.io\/"},{"@type":"ListItem","position":2,"name":"Privacy Policy"}]},{"@type":"WebSite","@id":"https:\/\/olimia.io\/#website","url":"https:\/\/olimia.io\/","name":"olimia.io","description":"","potentialAction":[{"@type":"SearchAction","target":{"@type":"EntryPoint","urlTemplate":"https:\/\/olimia.io\/?s={search_term_string}"},"query-input":"required name=search_term_string"}],"inLanguage":"it-IT"}]}},"_links":{"self":[{"href":"https:\/\/olimia.io\/it\/wp-json\/wp\/v2\/pages\/3"}],"collection":[{"href":"https:\/\/olimia.io\/it\/wp-json\/wp\/v2\/pages"}],"about":[{"href":"https:\/\/olimia.io\/it\/wp-json\/wp\/v2\/types\/page"}],"author":[{"embeddable":true,"href":"https:\/\/olimia.io\/it\/wp-json\/wp\/v2\/users\/1"}],"replies":[{"embeddable":true,"href":"https:\/\/olimia.io\/it\/wp-json\/wp\/v2\/comments?post=3"}],"version-history":[{"count":6,"href":"https:\/\/olimia.io\/it\/wp-json\/wp\/v2\/pages\/3\/revisions"}],"predecessor-version":[{"id":363,"href":"https:\/\/olimia.io\/it\/wp-json\/wp\/v2\/pages\/3\/revisions\/363"}],"wp:attachment":[{"href":"https:\/\/olimia.io\/it\/wp-json\/wp\/v2\/media?parent=3"}],"curies":[{"name":"wp","href":"https:\/\/api.w.org\/{rel}","templated":true}]}}