{"id":272,"date":"2024-05-21T12:51:07","date_gmt":"2024-05-21T11:51:07","guid":{"rendered":"https:\/\/olimia.io\/?post_type=product&#038;p=272"},"modified":"2024-05-21T12:51:07","modified_gmt":"2024-05-21T11:51:07","slug":"extended-promotional-video-per-minute","status":"publish","type":"product","link":"https:\/\/olimia.io\/de\/produkt\/extended-promotional-video-per-minute\/","title":{"rendered":"Erweitertes Werbevideo (pro Minute)"},"content":{"rendered":"<p><span style=\"font-weight: 400;\">Fesseln Sie Ihr Publikum mit einem l\u00e4ngeren Werbevideo, das eine ausf\u00fchrlichere Erz\u00e4hlung und Produktdemonstrationen erm\u00f6glicht.<\/span><\/p>","protected":false},"excerpt":{"rendered":"<p>Fesseln Sie Ihr Publikum mit einem l\u00e4ngeren Werbevideo, das eine ausf\u00fchrlichere Erz\u00e4hlung und Produktdemonstrationen erm\u00f6glicht.<\/p>","protected":false},"featured_media":0,"comment_status":"open","ping_status":"closed","template":"","meta":{"inline_featured_image":false},"product_cat":[27],"product_tag":[],"acf":[],"yoast_head":"<!-- This site is optimized with the Yoast SEO plugin v21.7 - https:\/\/yoast.com\/wordpress\/plugins\/seo\/ -->\n<title>Extended Promotional Video (Per Minute) - olimia.io<\/title>\n<meta name=\"robots\" content=\"index, follow, max-snippet:-1, max-image-preview:large, max-video-preview:-1\" \/>\n<link rel=\"canonical\" href=\"https:\/\/olimia.io\/de\/produkt\/extended-promotional-video-per-minute\/\" \/>\n<meta property=\"og:locale\" content=\"de_DE\" \/>\n<meta property=\"og:type\" content=\"article\" \/>\n<meta property=\"og:title\" content=\"Extended Promotional Video (Per Minute) - olimia.io\" \/>\n<meta property=\"og:description\" content=\"Engage your audience with a longer promotional video, allowing for more detailed storytelling and product demonstrations.\" \/>\n<meta property=\"og:url\" content=\"https:\/\/olimia.io\/de\/produkt\/extended-promotional-video-per-minute\/\" \/>\n<meta property=\"og:site_name\" content=\"olimia.io\" \/>\n<meta name=\"twitter:card\" content=\"summary_large_image\" \/>\n<meta name=\"twitter:label1\" content=\"Gesch\u00e4tzte Lesezeit\" \/>\n\t<meta name=\"twitter:data1\" content=\"1\u00a0Minute\" \/>\n<script type=\"application\/ld+json\" class=\"yoast-schema-graph\">{\"@context\":\"https:\/\/schema.org\",\"@graph\":[{\"@type\":\"WebPage\",\"@id\":\"https:\/\/olimia.io\/product\/extended-promotional-video-per-minute\/\",\"url\":\"https:\/\/olimia.io\/product\/extended-promotional-video-per-minute\/\",\"name\":\"Extended Promotional Video (Per Minute) - olimia.io\",\"isPartOf\":{\"@id\":\"https:\/\/olimia.io\/#website\"},\"datePublished\":\"2024-05-21T11:51:07+00:00\",\"dateModified\":\"2024-05-21T11:51:07+00:00\",\"breadcrumb\":{\"@id\":\"https:\/\/olimia.io\/product\/extended-promotional-video-per-minute\/#breadcrumb\"},\"inLanguage\":\"de\",\"potentialAction\":[{\"@type\":\"ReadAction\",\"target\":[\"https:\/\/olimia.io\/product\/extended-promotional-video-per-minute\/\"]}]},{\"@type\":\"BreadcrumbList\",\"@id\":\"https:\/\/olimia.io\/product\/extended-promotional-video-per-minute\/#breadcrumb\",\"itemListElement\":[{\"@type\":\"ListItem\",\"position\":1,\"name\":\"Home\",\"item\":\"https:\/\/olimia.io\/\"},{\"@type\":\"ListItem\",\"position\":2,\"name\":\"Extended Promotional Video (Per Minute)\"}]},{\"@type\":\"WebSite\",\"@id\":\"https:\/\/olimia.io\/#website\",\"url\":\"https:\/\/olimia.io\/\",\"name\":\"olimia.io\",\"description\":\"\",\"potentialAction\":[{\"@type\":\"SearchAction\",\"target\":{\"@type\":\"EntryPoint\",\"urlTemplate\":\"https:\/\/olimia.io\/?s={search_term_string}\"},\"query-input\":\"required name=search_term_string\"}],\"inLanguage\":\"de\"}]}<\/script>\n<!-- \/ Yoast SEO plugin. -->","yoast_head_json":{"title":"Extended Promotional Video (Per Minute) - olimia.io","robots":{"index":"index","follow":"follow","max-snippet":"max-snippet:-1","max-image-preview":"max-image-preview:large","max-video-preview":"max-video-preview:-1"},"canonical":"https:\/\/olimia.io\/de\/produkt\/extended-promotional-video-per-minute\/","og_locale":"de_DE","og_type":"article","og_title":"Extended Promotional Video (Per Minute) - olimia.io","og_description":"Engage your audience with a longer promotional video, allowing for more detailed storytelling and product demonstrations.","og_url":"https:\/\/olimia.io\/de\/produkt\/extended-promotional-video-per-minute\/","og_site_name":"olimia.io","twitter_card":"summary_large_image","twitter_misc":{"Gesch\u00e4tzte Lesezeit":"1\u00a0Minute"},"schema":{"@context":"https:\/\/schema.org","@graph":[{"@type":"WebPage","@id":"https:\/\/olimia.io\/product\/extended-promotional-video-per-minute\/","url":"https:\/\/olimia.io\/product\/extended-promotional-video-per-minute\/","name":"Extended Promotional Video (Per Minute) - olimia.io","isPartOf":{"@id":"https:\/\/olimia.io\/#website"},"datePublished":"2024-05-21T11:51:07+00:00","dateModified":"2024-05-21T11:51:07+00:00","breadcrumb":{"@id":"https:\/\/olimia.io\/product\/extended-promotional-video-per-minute\/#breadcrumb"},"inLanguage":"de","potentialAction":[{"@type":"ReadAction","target":["https:\/\/olimia.io\/product\/extended-promotional-video-per-minute\/"]}]},{"@type":"BreadcrumbList","@id":"https:\/\/olimia.io\/product\/extended-promotional-video-per-minute\/#breadcrumb","itemListElement":[{"@type":"ListItem","position":1,"name":"Home","item":"https:\/\/olimia.io\/"},{"@type":"ListItem","position":2,"name":"Extended Promotional Video (Per Minute)"}]},{"@type":"WebSite","@id":"https:\/\/olimia.io\/#website","url":"https:\/\/olimia.io\/","name":"olimia.io","description":"","potentialAction":[{"@type":"SearchAction","target":{"@type":"EntryPoint","urlTemplate":"https:\/\/olimia.io\/?s={search_term_string}"},"query-input":"required name=search_term_string"}],"inLanguage":"de"}]}},"_links":{"self":[{"href":"https:\/\/olimia.io\/de\/wp-json\/wp\/v2\/product\/272"}],"collection":[{"href":"https:\/\/olimia.io\/de\/wp-json\/wp\/v2\/product"}],"about":[{"href":"https:\/\/olimia.io\/de\/wp-json\/wp\/v2\/types\/product"}],"replies":[{"embeddable":true,"href":"https:\/\/olimia.io\/de\/wp-json\/wp\/v2\/comments?post=272"}],"wp:attachment":[{"href":"https:\/\/olimia.io\/de\/wp-json\/wp\/v2\/media?parent=272"}],"wp:term":[{"taxonomy":"product_cat","embeddable":true,"href":"https:\/\/olimia.io\/de\/wp-json\/wp\/v2\/product_cat?post=272"},{"taxonomy":"product_tag","embeddable":true,"href":"https:\/\/olimia.io\/de\/wp-json\/wp\/v2\/product_tag?post=272"}],"curies":[{"name":"wp","href":"https:\/\/api.w.org\/{rel}","templated":true}]}}