{"id":99,"date":"2023-12-29T15:54:42","date_gmt":"2023-12-29T15:54:42","guid":{"rendered":"https:\/\/olimia.io\/?page_id=99"},"modified":"2023-12-29T17:14:06","modified_gmt":"2023-12-29T17:14:06","slug":"licence-information","status":"publish","type":"page","link":"https:\/\/olimia.io\/de\/licence-information\/","title":{"rendered":"Informationen zur Lizenz"},"content":{"rendered":"<p><strong><em>Datum des Inkrafttretens: [Datum]<\/em><\/strong><\/p>\n\n\n\n<p>Die vorliegenden Lizenzbedingungen regeln die Nutzung von Audio- und Videoinhalten, die von Olimia EOOD (\"Olimia\", \"wir\", \"uns\" oder \"unser\") f\u00fcr unsere Kunden erstellt werden.<\/p>\n\n\n\n<h2 class=\"wp-block-heading\"><strong>Eigent\u00fcmerschaft und Lizenz<\/strong><\/h2>\n\n\n\n<p>Mit der Bezahlung unserer Audio- und Videoproduktionsdienste erhalten Sie als Kunde die vollen Eigentumsrechte an den Inhalten. Olimia beh\u00e4lt kein Eigentumsrecht an den von ihr produzierten Audio- und Videoinhalten.<\/p>\n\n\n\n<h2 class=\"wp-block-heading\"><strong>Recht auf Ver\u00f6ffentlichung im Portfolio<\/strong><\/h2>\n\n\n\n<p>W\u00e4hrend die Eigentumsrechte an Sie \u00fcbertragen werden, beh\u00e4lt Olimia das Recht, die produzierten Audio- und Videoinhalte oder Teile davon in unserem Portfolio, unseren Pr\u00e4sentationen und Werbematerialien zu verwenden, um unser Fachwissen und unseren Arbeitsablauf zu illustrieren.<\/p>\n\n\n\n<h2 class=\"wp-block-heading\"><strong>Verantwortlichkeiten des Kunden<\/strong><\/h2>\n\n\n\n<p>Als Kunde sind Sie daf\u00fcr verantwortlich, dass alle Materialien, die Sie Olimia f\u00fcr den Produktionsprozess zur Verf\u00fcgung stellen, einschlie\u00dflich Markenmaterialien, Logos und Werbematerialien, keine Rechte Dritter verletzen. Sie r\u00e4umen Olimia auch das Recht ein, diese Materialien zur Entwicklung und Optimierung von Audio- und Videoinhalten zu verwenden.<\/p>\n\n\n\n<h2 class=\"wp-block-heading\"><strong>Modifikationen und abgeleitete Werke<\/strong><\/h2>\n\n\n\n<p>Sie k\u00f6nnen die gelieferten Audio- und Videoinhalte f\u00fcr Ihre gesch\u00e4ftlichen Zwecke ver\u00e4ndern, bearbeiten und daraus abgeleitete Werke erstellen. Olimia ist nicht verantwortlich f\u00fcr \u00c4nderungen, die der Kunde vornimmt.<\/p>\n\n\n\n<h2 class=\"wp-block-heading\"><strong>Terminierung<\/strong><\/h2>\n\n\n\n<p>Diese Lizenz tritt mit dem Abschluss der Zahlung f\u00fcr unsere Dienstleistungen in Kraft und bleibt bestehen, bis sie von einer der beiden Parteien gek\u00fcndigt wird. Im Falle einer K\u00fcndigung bleiben die Ihnen gew\u00e4hrten Eigentumsrechte erhalten.<\/p>\n\n\n\n<h2 class=\"wp-block-heading\"><strong>Kontaktinformationen<\/strong><\/h2>\n\n\n\n<p>Wenn Sie Fragen oder Bedenken zu dieser Lizenzpolitik haben, wenden Sie sich bitte an uns:<\/p>\n\n\n\n<ul>\n<li>E-Mail: <a href=\"mailto:support@olimia.io\">support@olimia.io<\/a><\/li>\n\n\n\n<li>Telefon: <a href=\"tel:+35924371650\">+35924371650<\/a>.\u00a0<\/li>\n\n\n\n<li><a href=\"https:\/\/chat.openai.com\/c\/8e891b68-5020-409f-9463-ed238853c54a#\">Kontakt Seite<\/a>.<\/li>\n<\/ul>","protected":false},"excerpt":{"rendered":"<p>Effective Date: [Date] This License Policy outlines the terms and conditions governing the use of audio and video content created by Olimia EOOD (&#8220;Olimia,&#8221; &#8220;we,&#8221; &#8220;us,&#8221; or &#8220;our&#8221;) for our customers. Ownership and License Upon completion of the payment for our audio and video production services, you, as the customer, are granted full ownership rights [&hellip;]<\/p>","protected":false},"author":1,"featured_media":0,"parent":0,"menu_order":0,"comment_status":"closed","ping_status":"closed","template":"template-pages\/policy.php","meta":{"inline_featured_image":false,"footnotes":""},"acf":[],"yoast_head":"<!-- This site is optimized with the Yoast SEO plugin v21.7 - https:\/\/yoast.com\/wordpress\/plugins\/seo\/ -->\n<title>Licence information - olimia.io<\/title>\n<meta name=\"robots\" content=\"index, follow, max-snippet:-1, max-image-preview:large, max-video-preview:-1\" \/>\n<link rel=\"canonical\" href=\"https:\/\/olimia.io\/de\/licence-information\/\" \/>\n<meta property=\"og:locale\" content=\"de_DE\" \/>\n<meta property=\"og:type\" content=\"article\" \/>\n<meta property=\"og:title\" content=\"Licence information - olimia.io\" \/>\n<meta property=\"og:description\" content=\"Effective Date: [Date] This License Policy outlines the terms and conditions governing the use of audio and video content created by Olimia EOOD (&#8220;Olimia,&#8221; &#8220;we,&#8221; &#8220;us,&#8221; or &#8220;our&#8221;) for our customers. Ownership and License Upon completion of the payment for our audio and video production services, you, as the customer, are granted full ownership rights [&hellip;]\" \/>\n<meta property=\"og:url\" content=\"https:\/\/olimia.io\/de\/licence-information\/\" \/>\n<meta property=\"og:site_name\" content=\"olimia.io\" \/>\n<meta property=\"article:modified_time\" content=\"2023-12-29T17:14:06+00:00\" \/>\n<meta name=\"twitter:card\" content=\"summary_large_image\" \/>\n<meta name=\"twitter:label1\" content=\"Gesch\u00e4tzte Lesezeit\" \/>\n\t<meta name=\"twitter:data1\" content=\"2\u00a0Minuten\" \/>\n<script type=\"application\/ld+json\" class=\"yoast-schema-graph\">{\"@context\":\"https:\/\/schema.org\",\"@graph\":[{\"@type\":\"WebPage\",\"@id\":\"https:\/\/olimia.io\/licence-information\/\",\"url\":\"https:\/\/olimia.io\/licence-information\/\",\"name\":\"Licence information - olimia.io\",\"isPartOf\":{\"@id\":\"https:\/\/olimia.io\/#website\"},\"datePublished\":\"2023-12-29T15:54:42+00:00\",\"dateModified\":\"2023-12-29T17:14:06+00:00\",\"breadcrumb\":{\"@id\":\"https:\/\/olimia.io\/licence-information\/#breadcrumb\"},\"inLanguage\":\"de\",\"potentialAction\":[{\"@type\":\"ReadAction\",\"target\":[\"https:\/\/olimia.io\/licence-information\/\"]}]},{\"@type\":\"BreadcrumbList\",\"@id\":\"https:\/\/olimia.io\/licence-information\/#breadcrumb\",\"itemListElement\":[{\"@type\":\"ListItem\",\"position\":1,\"name\":\"Home\",\"item\":\"https:\/\/olimia.io\/\"},{\"@type\":\"ListItem\",\"position\":2,\"name\":\"Licence information\"}]},{\"@type\":\"WebSite\",\"@id\":\"https:\/\/olimia.io\/#website\",\"url\":\"https:\/\/olimia.io\/\",\"name\":\"olimia.io\",\"description\":\"\",\"potentialAction\":[{\"@type\":\"SearchAction\",\"target\":{\"@type\":\"EntryPoint\",\"urlTemplate\":\"https:\/\/olimia.io\/?s={search_term_string}\"},\"query-input\":\"required name=search_term_string\"}],\"inLanguage\":\"de\"}]}<\/script>\n<!-- \/ Yoast SEO plugin. -->","yoast_head_json":{"title":"Licence information - olimia.io","robots":{"index":"index","follow":"follow","max-snippet":"max-snippet:-1","max-image-preview":"max-image-preview:large","max-video-preview":"max-video-preview:-1"},"canonical":"https:\/\/olimia.io\/de\/licence-information\/","og_locale":"de_DE","og_type":"article","og_title":"Licence information - olimia.io","og_description":"Effective Date: [Date] This License Policy outlines the terms and conditions governing the use of audio and video content created by Olimia EOOD (&#8220;Olimia,&#8221; &#8220;we,&#8221; &#8220;us,&#8221; or &#8220;our&#8221;) for our customers. Ownership and License Upon completion of the payment for our audio and video production services, you, as the customer, are granted full ownership rights [&hellip;]","og_url":"https:\/\/olimia.io\/de\/licence-information\/","og_site_name":"olimia.io","article_modified_time":"2023-12-29T17:14:06+00:00","twitter_card":"summary_large_image","twitter_misc":{"Gesch\u00e4tzte Lesezeit":"2\u00a0Minuten"},"schema":{"@context":"https:\/\/schema.org","@graph":[{"@type":"WebPage","@id":"https:\/\/olimia.io\/licence-information\/","url":"https:\/\/olimia.io\/licence-information\/","name":"Licence information - olimia.io","isPartOf":{"@id":"https:\/\/olimia.io\/#website"},"datePublished":"2023-12-29T15:54:42+00:00","dateModified":"2023-12-29T17:14:06+00:00","breadcrumb":{"@id":"https:\/\/olimia.io\/licence-information\/#breadcrumb"},"inLanguage":"de","potentialAction":[{"@type":"ReadAction","target":["https:\/\/olimia.io\/licence-information\/"]}]},{"@type":"BreadcrumbList","@id":"https:\/\/olimia.io\/licence-information\/#breadcrumb","itemListElement":[{"@type":"ListItem","position":1,"name":"Home","item":"https:\/\/olimia.io\/"},{"@type":"ListItem","position":2,"name":"Licence information"}]},{"@type":"WebSite","@id":"https:\/\/olimia.io\/#website","url":"https:\/\/olimia.io\/","name":"olimia.io","description":"","potentialAction":[{"@type":"SearchAction","target":{"@type":"EntryPoint","urlTemplate":"https:\/\/olimia.io\/?s={search_term_string}"},"query-input":"required name=search_term_string"}],"inLanguage":"de"}]}},"_links":{"self":[{"href":"https:\/\/olimia.io\/de\/wp-json\/wp\/v2\/pages\/99"}],"collection":[{"href":"https:\/\/olimia.io\/de\/wp-json\/wp\/v2\/pages"}],"about":[{"href":"https:\/\/olimia.io\/de\/wp-json\/wp\/v2\/types\/page"}],"author":[{"embeddable":true,"href":"https:\/\/olimia.io\/de\/wp-json\/wp\/v2\/users\/1"}],"replies":[{"embeddable":true,"href":"https:\/\/olimia.io\/de\/wp-json\/wp\/v2\/comments?post=99"}],"version-history":[{"count":2,"href":"https:\/\/olimia.io\/de\/wp-json\/wp\/v2\/pages\/99\/revisions"}],"predecessor-version":[{"id":118,"href":"https:\/\/olimia.io\/de\/wp-json\/wp\/v2\/pages\/99\/revisions\/118"}],"wp:attachment":[{"href":"https:\/\/olimia.io\/de\/wp-json\/wp\/v2\/media?parent=99"}],"curies":[{"name":"wp","href":"https:\/\/api.w.org\/{rel}","templated":true}]}}