{"id":3,"date":"2023-12-27T13:19:05","date_gmt":"2023-12-27T13:19:05","guid":{"rendered":"http:\/\/olimia.io\/?page_id=3"},"modified":"2024-10-16T22:03:13","modified_gmt":"2024-10-16T21:03:13","slug":"privacy-policy","status":"publish","type":"page","link":"https:\/\/olimia.io\/de\/privacy-policy\/","title":{"rendered":"Datenschutzbestimmungen"},"content":{"rendered":"<p>Gem\u00e4\u00df der Verordnung (EU) 2016\/679 des Europ\u00e4ischen Parlaments und des Rates vom 27. April 2016 zum Schutz nat\u00fcrlicher Personen bei der Verarbeitung personenbezogener Daten und zum freien Datenverkehr und zur Aufhebung der Richtlinie 95\/46\/EG (Datenschutz-Grundverordnung) sowie in \u00dcbereinstimmung mit dem Organgesetz 3\/2018 \u00fcber den Schutz personenbezogener Daten und die Gew\u00e4hrleistung digitaler Rechte und dem Gesetz 34\/2002 \u00fcber die Gesellschaft f\u00fcr Informationsdienste und den elektronischen Gesch\u00e4ftsverkehr (LSSI-CE) gew\u00e4hrleistet Olimia EOOD den Schutz und die Vertraulichkeit aller von unseren Kunden bereitgestellten personenbezogenen Daten und h\u00e4lt sich dabei an die GDPR.<\/p>\n\n\n\n<p>Die Datenschutzpolitik von Olimia EOOD beruht auf dem Grundsatz der proaktiven Verantwortung, wonach der f\u00fcr die Datenverarbeitung Verantwortliche f\u00fcr die Einhaltung der Rechtsvorschriften und der Rechtsprechung verantwortlich ist und dies gegen\u00fcber den Kontrollbeh\u00f6rden nachweisen kann.<\/p>\n\n\n\n<p>Die zur Verf\u00fcgung gestellten Daten werden in \u00dcbereinstimmung mit der GDPR verarbeitet. Olimia EOOD hat das gesetzlich vorgeschriebene Schutzniveau eingef\u00fchrt und alle erforderlichen technischen Ma\u00dfnahmen getroffen, um Verlust, Missbrauch, Ver\u00e4nderung und unbefugten Zugriff durch Dritte zu verhindern. Die Nutzer m\u00fcssen sich jedoch bewusst sein, dass die Sicherheitsma\u00dfnahmen im Internet nicht un\u00fcberwindbar sind.<\/p>\n\n\n\n<h2 class=\"wp-block-heading\"><strong>Wer sind wir?<\/strong><\/h2>\n\n\n\n<p>Denominierung: Olimia EOOD<\/p>\n\n\n\n<p>Zulassungsnummer: 207088535<\/p>\n\n\n\n<p>T\u00e4tigkeit: Audio- und Videoproduktionsstudio, Marketingagentur<\/p>\n\n\n\n<p>B\u00fcroadresse: Pozitano Sq 2, 7. Stock, 1000 Sofia Center, Sofia, Bulgarien<\/p>\n\n\n\n<p>Eingetragene Anschrift: str. Sreb\u016drna no. 16, ap. 23, 1407, Sofia, Bulgarien<\/p>\n\n\n\n<p>Telefon: +35924371650<\/p>\n\n\n\n<p>E-Mail: <a href=\"mailto:support@olimia.io\">support@olimia.io<\/a><\/p>\n\n\n\n<h2 class=\"wp-block-heading\"><strong>Aus welchem Grund werden wir Ihre Daten verwenden?<\/strong><\/h2>\n\n\n\n<p>Alle von unseren Kunden und Besuchern der Website zur Verf\u00fcgung gestellten Daten werden in die f\u00fcr Olimia EOOD zust\u00e4ndigen Dateien aufgenommen, die f\u00fcr die Erbringung der von den Benutzern gew\u00fcnschten Dienstleistungen oder die Beantwortung von Zweifeln und Fragen unserer Besucher unerl\u00e4sslich sind. Unsere Politik ist es, keine Profile \u00fcber unsere Benutzer zu erstellen.<\/p>\n\n\n\n<h2 class=\"wp-block-heading\"><strong>Warum brauchen wir Ihre Daten?<\/strong><\/h2>\n\n\n\n<p>a) <strong>Vertragliche Beziehung<\/strong>: Gilt f\u00fcr den Kauf eines unserer Produkte oder die Inanspruchnahme einer unserer Dienstleistungen.<\/p>\n\n\n\n<p>b)<strong> Legitimes Interesse<\/strong>: Bearbeitung von Anfragen und Beschwerden und Verwaltung von Forderungen.<\/p>\n\n\n\n<p>c)<strong> Ihre Zustimmung<\/strong>: Wenn Sie ein Nutzer unserer Website sind, erm\u00e4chtigen Sie uns durch Anklicken des K\u00e4stchens im Kontaktformular, Ihnen Mitteilungen zur Beantwortung Ihrer Fragen zu senden.<\/p><a href=\"https:\/\/plinko777.co.uk\"> https:\/\/plinko777.co.uk<\/a>\n\n\n\n<h2 class=\"wp-block-heading\"><strong>Mit wem teilen wir Ihre Daten?<\/strong><\/h2>\n\n\n\n<p>Wir geben Ihre personenbezogenen Daten an niemanden weiter, au\u00dfer an \u00f6ffentliche oder private Stellen, die wir nach dem Gesetz dazu verpflichtet sind. So kann uns beispielsweise das Steuerrecht dazu verpflichten, bestimmte Informationen \u00fcber wirtschaftliche Vorg\u00e4nge an die Steuerbeh\u00f6rden weiterzugeben.<\/p>\n\n\n\n<p>Wenn wir \u00fcber die erl\u00e4uterten Beispiele hinaus Ihre personenbezogenen Daten an andere Stellen weitergeben m\u00fcssen, werden wir Sie vorher fragen und Ihnen transparente Optionen anbieten, damit Sie entscheiden k\u00f6nnen.<\/p>\n\n\n\n<h2 class=\"wp-block-heading\"><strong>Wohin k\u00f6nnen wir Ihre Daten senden?<\/strong><\/h2>\n\n\n\n<p>Aus keinem der genannten Gr\u00fcnde werden wir personenbezogene Daten ins Ausland \u00fcbermitteln.<\/p>\n\n\n\n<h2 class=\"wp-block-heading\"><strong>Wie lange werden wir Ihre Informationen aufbewahren?<\/strong><\/h2>\n\n\n\n<p>Wir bewahren Ihre Daten nur so lange auf, wie es f\u00fcr den Zweck, f\u00fcr den sie erhoben wurden, erforderlich ist. Unsere Bewertung ber\u00fccksichtigt die damit verbundenen Risiken, vertraglichen Verpflichtungen, internen Richtlinien und legitimen Gesch\u00e4ftsinteressen, die in der Cookie-Richtlinie dargelegt sind.<\/p>\n\n\n\n<h2 class=\"wp-block-heading\"><strong>Wie sch\u00fctzen wir Ihre Daten?<\/strong><\/h2>\n\n\n\n<p>Wir unternehmen erhebliche Anstrengungen, um die Vertraulichkeit der in unseren Systemen verarbeiteten personenbezogenen Daten zu wahren. Unsere strengen Sicherheitsprotokolle sind darauf ausgelegt, Datenlecks, unbefugten Zugriff oder unbefugte Verarbeitung zu verhindern. Wir m\u00f6chten darauf hinweisen, dass wir keine Verantwortung daf\u00fcr \u00fcbernehmen k\u00f6nnen, wie Sie unsere Website nutzen.<\/p>\n\n\n\n<h2 class=\"wp-block-heading\"><strong>Ihre Rechte<\/strong><\/h2>\n\n\n\n<p>Wir m\u00f6chten Sie darauf hinweisen, dass Sie die folgenden Rechte haben:<\/p>\n\n\n\n<ul>\n<li>Recht auf Auskunft: Sie k\u00f6nnen sich \u00fcber Ihre Daten erkundigen und so Einblick in die laufenden Behandlungsprozesse erhalten.<\/li>\n\n\n\n<li>Recht auf L\u00f6schung (\"Recht auf Vergessenwerden\"): Sie k\u00f6nnen die L\u00f6schung Ihrer personenbezogenen Daten verlangen, soweit dies m\u00f6glich und gesetzlich vorgeschrieben ist.<\/li>\n\n\n\n<li>Recht auf Einschr\u00e4nkung der Verarbeitung: Sie k\u00f6nnen die Verarbeitung Ihrer personenbezogenen Daten einschr\u00e4nken, wenn Unklarheiten \u00fcber die Richtigkeit, Rechtm\u00e4\u00dfigkeit oder Notwendigkeit bestehen. Wir k\u00f6nnen sie zu Zwecken der Rechtsverteidigung aufbewahren.<\/li>\n\n\n\n<li>Recht auf Widerspruch: Sie k\u00f6nnen der Verarbeitung Ihrer personenbezogenen Daten widersprechen, wenn die Rechtsgrundlage ein berechtigtes Interesse ist. Olimia EOOD wird die Verarbeitung Ihrer Daten einstellen, es sei denn, sie ist zur Rechtsverteidigung unerl\u00e4sslich.<\/li>\n\n\n\n<li>Recht auf Daten\u00fcbertragbarkeit: Wenn die Rechtsgrundlage f\u00fcr die Verarbeitung ein Vertragsverh\u00e4ltnis oder Ihre Einwilligung ist, k\u00f6nnen Sie Ihre Daten in einem portablen Format erhalten.<\/li>\n\n\n\n<li>Recht auf Widerruf der Zustimmung: Sie k\u00f6nnen die zuvor erteilte Einwilligung gegen\u00fcber Olimia EOOD widerrufen.<\/li>\n<\/ul>\n\n\n\n<p>Wenn Sie eines dieser Rechte aus\u00fcben m\u00f6chten, k\u00f6nnen Sie dies jederzeit kostenlos tun, indem Sie uns unter folgender Adresse kontaktieren: Pozitano Sq 2, 7th Floor, 1000 Sofia Center, Sofia, Bulgarien, und f\u00fcgen Sie eine Kopie Ihres Personalausweises bei.<\/p>\n\n\n\n<h2 class=\"wp-block-heading\"><strong>Schutz der Rechte: Wo k\u00f6nnen Sie eine Beschwerde einreichen?<\/strong><\/h2>\n\n\n\n<p>Wenn Sie der Meinung sind, dass unser Unternehmen Ihre Rechte nicht sorgf\u00e4ltig beachtet hat, k\u00f6nnen Sie eine Beschwerde bei der Kommission f\u00fcr den Schutz personenbezogener Daten einreichen. Die Einreichung einer Beschwerde bei dieser Stelle ist kostenlos und erfordert keine rechtliche Vertretung.<\/p>\n\n\n\n<h2 class=\"wp-block-heading\"><strong>\u00c4nderungen an dieser Datenschutzrichtlinie<\/strong><\/h2>\n\n\n\n<p>Olimia EOOD beh\u00e4lt sich das Recht vor, diese Politik zu aktualisieren, um sie an rechtliche Entwicklungen anzupassen.<\/p>\n\n\n\n<h2 class=\"wp-block-heading\"><strong>Kontakt<\/strong><\/h2>\n\n\n\n<p>Wenn Sie Fragen oder Bedenken bez\u00fcglich unserer Cookie-Richtlinie haben, kontaktieren Sie uns bitte unter:<\/p>\n\n\n\n<ul>\n<li>E-Mail: <a href=\"mailto:support@olimia.io\">support@olimia.io<\/a><\/li>\n\n\n\n<li>Telefon: <a href=\"tel:+35924371650\">+35924371650<\/a>.&nbsp;<\/li>\n\n\n\n<li><a href=\"https:\/\/olimia.io\/de\/contact-us\/\">Kontakt Seite<\/a><\/li>\n<\/ul>\n\n\n<p><!--04e4c--><!--04e4c--><\/p>","protected":false},"excerpt":{"rendered":"<p>By Regulation (EU) 2016\/679 of the European Parliament and of the Council of 27 April 2016, on the protection of natural persons about the processing of personal data and the free movement of such data, and repealing Directive 95\/46\/EC (General Data Protection Regulation), as well as in compliance with the Organic Law 3\/2018 on Personal [&hellip;]<\/p>","protected":false},"author":1,"featured_media":0,"parent":0,"menu_order":0,"comment_status":"closed","ping_status":"open","template":"template-pages\/policy.php","meta":{"inline_featured_image":false,"footnotes":""},"acf":[],"yoast_head":"<!-- This site is optimized with the Yoast SEO plugin v21.7 - https:\/\/yoast.com\/wordpress\/plugins\/seo\/ -->\n<title>Privacy Policy - olimia.io<\/title>\n<meta name=\"robots\" content=\"index, follow, max-snippet:-1, max-image-preview:large, max-video-preview:-1\" \/>\n<link rel=\"canonical\" href=\"https:\/\/olimia.io\/de\/privacy-policy\/\" \/>\n<meta property=\"og:locale\" content=\"de_DE\" \/>\n<meta property=\"og:type\" content=\"article\" \/>\n<meta property=\"og:title\" content=\"Privacy Policy - olimia.io\" \/>\n<meta property=\"og:description\" content=\"By Regulation (EU) 2016\/679 of the European Parliament and of the Council of 27 April 2016, on the protection of natural persons about the processing of personal data and the free movement of such data, and repealing Directive 95\/46\/EC (General Data Protection Regulation), as well as in compliance with the Organic Law 3\/2018 on Personal [&hellip;]\" \/>\n<meta property=\"og:url\" content=\"https:\/\/olimia.io\/de\/privacy-policy\/\" \/>\n<meta property=\"og:site_name\" content=\"olimia.io\" \/>\n<meta property=\"article:modified_time\" content=\"2024-10-16T21:03:13+00:00\" \/>\n<meta name=\"twitter:card\" content=\"summary_large_image\" \/>\n<meta name=\"twitter:label1\" content=\"Gesch\u00e4tzte Lesezeit\" \/>\n\t<meta name=\"twitter:data1\" content=\"4\u00a0Minuten\" \/>\n<script type=\"application\/ld+json\" class=\"yoast-schema-graph\">{\"@context\":\"https:\/\/schema.org\",\"@graph\":[{\"@type\":\"WebPage\",\"@id\":\"https:\/\/olimia.io\/privacy-policy\/\",\"url\":\"https:\/\/olimia.io\/privacy-policy\/\",\"name\":\"Privacy Policy - olimia.io\",\"isPartOf\":{\"@id\":\"https:\/\/olimia.io\/#website\"},\"datePublished\":\"2023-12-27T13:19:05+00:00\",\"dateModified\":\"2024-10-16T21:03:13+00:00\",\"breadcrumb\":{\"@id\":\"https:\/\/olimia.io\/privacy-policy\/#breadcrumb\"},\"inLanguage\":\"de\",\"potentialAction\":[{\"@type\":\"ReadAction\",\"target\":[\"https:\/\/olimia.io\/privacy-policy\/\"]}]},{\"@type\":\"BreadcrumbList\",\"@id\":\"https:\/\/olimia.io\/privacy-policy\/#breadcrumb\",\"itemListElement\":[{\"@type\":\"ListItem\",\"position\":1,\"name\":\"Home\",\"item\":\"https:\/\/olimia.io\/\"},{\"@type\":\"ListItem\",\"position\":2,\"name\":\"Privacy Policy\"}]},{\"@type\":\"WebSite\",\"@id\":\"https:\/\/olimia.io\/#website\",\"url\":\"https:\/\/olimia.io\/\",\"name\":\"olimia.io\",\"description\":\"\",\"potentialAction\":[{\"@type\":\"SearchAction\",\"target\":{\"@type\":\"EntryPoint\",\"urlTemplate\":\"https:\/\/olimia.io\/?s={search_term_string}\"},\"query-input\":\"required name=search_term_string\"}],\"inLanguage\":\"de\"}]}<\/script>\n<!-- \/ Yoast SEO plugin. -->","yoast_head_json":{"title":"Privacy Policy - olimia.io","robots":{"index":"index","follow":"follow","max-snippet":"max-snippet:-1","max-image-preview":"max-image-preview:large","max-video-preview":"max-video-preview:-1"},"canonical":"https:\/\/olimia.io\/de\/privacy-policy\/","og_locale":"de_DE","og_type":"article","og_title":"Privacy Policy - olimia.io","og_description":"By Regulation (EU) 2016\/679 of the European Parliament and of the Council of 27 April 2016, on the protection of natural persons about the processing of personal data and the free movement of such data, and repealing Directive 95\/46\/EC (General Data Protection Regulation), as well as in compliance with the Organic Law 3\/2018 on Personal [&hellip;]","og_url":"https:\/\/olimia.io\/de\/privacy-policy\/","og_site_name":"olimia.io","article_modified_time":"2024-10-16T21:03:13+00:00","twitter_card":"summary_large_image","twitter_misc":{"Gesch\u00e4tzte Lesezeit":"4\u00a0Minuten"},"schema":{"@context":"https:\/\/schema.org","@graph":[{"@type":"WebPage","@id":"https:\/\/olimia.io\/privacy-policy\/","url":"https:\/\/olimia.io\/privacy-policy\/","name":"Privacy Policy - olimia.io","isPartOf":{"@id":"https:\/\/olimia.io\/#website"},"datePublished":"2023-12-27T13:19:05+00:00","dateModified":"2024-10-16T21:03:13+00:00","breadcrumb":{"@id":"https:\/\/olimia.io\/privacy-policy\/#breadcrumb"},"inLanguage":"de","potentialAction":[{"@type":"ReadAction","target":["https:\/\/olimia.io\/privacy-policy\/"]}]},{"@type":"BreadcrumbList","@id":"https:\/\/olimia.io\/privacy-policy\/#breadcrumb","itemListElement":[{"@type":"ListItem","position":1,"name":"Home","item":"https:\/\/olimia.io\/"},{"@type":"ListItem","position":2,"name":"Privacy Policy"}]},{"@type":"WebSite","@id":"https:\/\/olimia.io\/#website","url":"https:\/\/olimia.io\/","name":"olimia.io","description":"","potentialAction":[{"@type":"SearchAction","target":{"@type":"EntryPoint","urlTemplate":"https:\/\/olimia.io\/?s={search_term_string}"},"query-input":"required name=search_term_string"}],"inLanguage":"de"}]}},"_links":{"self":[{"href":"https:\/\/olimia.io\/de\/wp-json\/wp\/v2\/pages\/3"}],"collection":[{"href":"https:\/\/olimia.io\/de\/wp-json\/wp\/v2\/pages"}],"about":[{"href":"https:\/\/olimia.io\/de\/wp-json\/wp\/v2\/types\/page"}],"author":[{"embeddable":true,"href":"https:\/\/olimia.io\/de\/wp-json\/wp\/v2\/users\/1"}],"replies":[{"embeddable":true,"href":"https:\/\/olimia.io\/de\/wp-json\/wp\/v2\/comments?post=3"}],"version-history":[{"count":6,"href":"https:\/\/olimia.io\/de\/wp-json\/wp\/v2\/pages\/3\/revisions"}],"predecessor-version":[{"id":363,"href":"https:\/\/olimia.io\/de\/wp-json\/wp\/v2\/pages\/3\/revisions\/363"}],"wp:attachment":[{"href":"https:\/\/olimia.io\/de\/wp-json\/wp\/v2\/media?parent=3"}],"curies":[{"name":"wp","href":"https:\/\/api.w.org\/{rel}","templated":true}]}}